{"id":21544,"date":"2025-08-04T13:11:10","date_gmt":"2025-08-04T13:11:10","guid":{"rendered":"https:\/\/congomines.org\/?page_id=21544"},"modified":"2026-02-13T02:11:44","modified_gmt":"2026-02-13T02:11:44","slug":"shareholders-entry","status":"publish","type":"page","link":"https:\/\/congomines.org\/fr\/shareholders-entry\/","title":{"rendered":"Shareholders Entry"},"content":{"rendered":"\n<div style=\"height:10px\" aria-hidden=\"true\" class=\"wp-block-spacer\"><\/div>\n\n\n<nav class=\"has-small-font-size is-responsive items-justified-center alignfull wp-block-navigation is-horizontal is-content-justification-center is-layout-flex wp-container-core-navigation-is-layout-769315fb wp-block-navigation-is-layout-flex\" aria-label=\"Navigation\" \n\t\t data-wp-interactive=\"core\/navigation\" data-wp-context='{\"overlayOpenedBy\":{\"click\":false,\"hover\":false,\"focus\":false},\"type\":\"overlay\",\"roleAttribute\":\"\",\"ariaLabel\":\"Menu\"}'><button aria-haspopup=\"dialog\" aria-label=\"Ouvrir le menu\" class=\"wp-block-navigation__responsive-container-open\" \n\t\t\t\tdata-wp-on--click=\"actions.openMenuOnClick\"\n\t\t\t\tdata-wp-on--keydown=\"actions.handleMenuKeydown\"\n\t\t\t><svg width=\"24\" height=\"24\" xmlns=\"http:\/\/www.w3.org\/2000\/svg\" viewBox=\"0 0 24 24\"><path d=\"M5 5v1.5h14V5H5z\"><\/path><path d=\"M5 12.8h14v-1.5H5v1.5z\"><\/path><path d=\"M5 19h14v-1.5H5V19z\"><\/path><\/svg><\/button>\n\t\t\t\t<div class=\"wp-block-navigation__responsive-container\"  id=\"modal-1\" \n\t\t\t\tdata-wp-class--has-modal-open=\"state.isMenuOpen\"\n\t\t\t\tdata-wp-class--is-menu-open=\"state.isMenuOpen\"\n\t\t\t\tdata-wp-watch=\"callbacks.initMenu\"\n\t\t\t\tdata-wp-on--keydown=\"actions.handleMenuKeydown\"\n\t\t\t\tdata-wp-on--focusout=\"actions.handleMenuFocusout\"\n\t\t\t\ttabindex=\"-1\"\n\t\t\t>\n\t\t\t\t\t<div class=\"wp-block-navigation__responsive-close\" tabindex=\"-1\">\n\t\t\t\t\t\t<div class=\"wp-block-navigation__responsive-dialog\" \n\t\t\t\tdata-wp-bind--aria-modal=\"state.ariaModal\"\n\t\t\t\tdata-wp-bind--aria-label=\"state.ariaLabel\"\n\t\t\t\tdata-wp-bind--role=\"state.roleAttribute\"\n\t\t\t>\n\t\t\t\t\t\t\t<button aria-label=\"Fermer le menu\" class=\"wp-block-navigation__responsive-container-close\" \n\t\t\t\tdata-wp-on--click=\"actions.closeMenuOnClick\"\n\t\t\t><svg xmlns=\"http:\/\/www.w3.org\/2000\/svg\" viewBox=\"0 0 24 24\" width=\"24\" height=\"24\" aria-hidden=\"true\" focusable=\"false\"><path d=\"m13.06 12 6.47-6.47-1.06-1.06L12 10.94 5.53 4.47 4.47 5.53 10.94 12l-6.47 6.47 1.06 1.06L12 13.06l6.47 6.47 1.06-1.06L13.06 12Z\"><\/path><\/svg><\/button>\n\t\t\t\t\t\t\t<div class=\"wp-block-navigation__responsive-container-content\" \n\t\t\t\tdata-wp-watch=\"callbacks.focusFirstElement\"\n\t\t\t id=\"modal-1-content\">\n\t\t\t\t\t\t\t\t<ul class=\"wp-block-navigation__container has-small-font-size is-responsive items-justified-center alignfull wp-block-navigation has-small-font-size\"><li class=\"has-small-font-size wp-block-navigation-item wp-block-navigation-link\"><a class=\"wp-block-navigation-item__content\"  href=\"https:\/\/congomines.org\/\"><span class=\"wp-block-navigation-item__label\">Home<\/span><\/a><\/li><li class=\"has-small-font-size wp-block-navigation-item wp-block-navigation-link\"><a class=\"wp-block-navigation-item__content\"  href=\"https:\/\/congomines.org\/about\/\"><span class=\"wp-block-navigation-item__label\">About<\/span><\/a><\/li><li class=\"has-small-font-size wp-block-navigation-item wp-block-navigation-link\"><a class=\"wp-block-navigation-item__content\"  href=\"https:\/\/congomines.org\/fr\/report-listing\/\"><span class=\"wp-block-navigation-item__label\">Reports<\/span><\/a><\/li><li class=\"has-small-font-size wp-block-navigation-item wp-block-navigation-link\"><a class=\"wp-block-navigation-item__content\"  href=\"https:\/\/congomines.org\/list-of-companies\/\"><span class=\"wp-block-navigation-item__label\">Companies<\/span><\/a><\/li><li class=\"has-small-font-size wp-block-navigation-item wp-block-navigation-link\"><a class=\"wp-block-navigation-item__content\"  href=\"https:\/\/congomines.org\/all-documents\/\"><span class=\"wp-block-navigation-item__label\">Library<\/span><\/a><\/li><li class=\"has-small-font-size wp-block-navigation-item wp-block-navigation-link\"><a class=\"wp-block-navigation-item__content\"  href=\"https:\/\/congomines.org\/shareholderlist\/\"><span class=\"wp-block-navigation-item__label\">Shareholders<\/span><\/a><\/li><li class=\"has-small-font-size wp-block-navigation-item wp-block-navigation-link\"><a class=\"wp-block-navigation-item__content\"  href=\"https:\/\/congomines.org\/a-state-affair\/\"><span class=\"wp-block-navigation-item__label\">A State Affair<\/span><\/a><\/li><li class=\"has-small-font-size wp-block-navigation-item wp-block-navigation-link\"><a class=\"wp-block-navigation-item__content\"  href=\"https:\/\/congomines.org\/maps\/\"><span class=\"wp-block-navigation-item__label\">Maps<\/span><\/a><\/li><\/ul>\n\t\t\t\t\t\t\t<\/div>\n\t\t\t\t\t\t<\/div>\n\t\t\t\t\t<\/div>\n\t\t\t\t<\/div><\/nav>\n\n\n<div style=\"height:10px\" aria-hidden=\"true\" class=\"wp-block-spacer\"><\/div>\n\n\n\n<div class=\"wp-block-cover alignfull has-custom-content-position is-position-top-center\" style=\"min-height:396px;aspect-ratio:unset;\"><img loading=\"lazy\" decoding=\"async\" width=\"1024\" height=\"173\" class=\"wp-block-cover__image-background wp-image-126 size-large\" alt=\"\" src=\"https:\/\/wpstorage7ceb827ed5.blob.core.windows.net\/wpblob7ceb827ed5\/2024\/07\/header_banner_narrow-d143d13f493dd29ac46593236b5841d0-1024x173.jpg\" data-object-fit=\"cover\" srcset=\"\/wp-content\/uploads\/2024\/07\/header_banner_narrow-d143d13f493dd29ac46593236b5841d0-1024x173.jpg 1024w, \/wp-content\/uploads\/2024\/07\/header_banner_narrow-d143d13f493dd29ac46593236b5841d0-300x51.jpg 300w, \/wp-content\/uploads\/2024\/07\/header_banner_narrow-d143d13f493dd29ac46593236b5841d0-768x130.jpg 768w, \/wp-content\/uploads\/2024\/07\/header_banner_narrow-d143d13f493dd29ac46593236b5841d0.jpg 1300w\" sizes=\"auto, (max-width: 1024px) 100vw, 1024px\" \/><span aria-hidden=\"true\" class=\"wp-block-cover__background has-background-dim\" style=\"background-color:#3c3d3f\"><\/span><div class=\"wp-block-cover__inner-container is-layout-constrained wp-block-cover-is-layout-constrained\">\n<h2 class=\"wp-block-heading has-text-align-center has-large-font-size\"><mark style=\"background-color:rgba(0, 0, 0, 0);color:#eeeeee\" class=\"has-inline-color\">Portail d&#8217;information sur le secteur minier industriel en R\u00e9publique d\u00e9mocratique du Congo<\/mark><\/h2>\n\n\n\n<div style=\"height:100px\" aria-hidden=\"true\" class=\"wp-block-spacer\"><\/div>\n\n\n<div class=\"wp-block-image\">\n<figure class=\"alignright size-full is-resized\"><a href=\"https:\/\/www.cartercenter.org\/\" target=\"_blank\" rel=\"noreferrer noopener\"><img loading=\"lazy\" decoding=\"async\" width=\"150\" height=\"127\" src=\"https:\/\/wpstorage7ceb827ed5.blob.core.windows.net\/wpblob7ceb827ed5\/2024\/11\/TCC-Logo.png\" alt=\"\" class=\"wp-image-673\" style=\"width:90px;height:auto\"\/><\/a><\/figure>\n<\/div>\n\n<div class=\"wp-block-image\">\n<figure class=\"alignleft size-full is-resized\"><a href=\"https:\/\/congomines.org\/\"><img loading=\"lazy\" decoding=\"async\" width=\"332\" height=\"222\" src=\"https:\/\/wpstorage7ceb827ed5.blob.core.windows.net\/wpblob7ceb827ed5\/2024\/08\/CongoMines-Logo.png\" alt=\"\" class=\"wp-image-198\" style=\"width:103px;height:auto\" srcset=\"\/wp-content\/uploads\/2024\/08\/CongoMines-Logo.png 332w, \/wp-content\/uploads\/2024\/08\/CongoMines-Logo-300x201.png 300w\" sizes=\"auto, (max-width: 332px) 100vw, 332px\" \/><\/a><\/figure>\n<\/div><\/div><\/div>\n\n\n\n<div style=\"height:35px\" aria-hidden=\"true\" class=\"wp-block-spacer\"><\/div>\n\n\n\n<h1 class=\"wp-block-heading has-text-align-center\" style=\"font-style:normal;font-weight:400\"><mark style=\"background-color:rgba(0, 0, 0, 0);color:#aaaaaa\" class=\"has-inline-color\">Recherche d&#8217;une soci\u00e9t\u00e9 mini\u00e8re ou d&#8217;un investisseur<\/mark><\/h1>\n\n\n\n<div style=\"height:35px\" aria-hidden=\"true\" class=\"wp-block-spacer\"><\/div>\n\n\n\n<div class=\"wp-block-columns is-layout-flex wp-container-core-columns-is-layout-9d6595d7 wp-block-columns-is-layout-flex\">\n<div class=\"wp-block-column is-layout-flow wp-block-column-is-layout-flow\"><div class=\"frm_forms  with_frm_style frm_style_formidable-style\" id=\"frm_form_54_container\" >\n<form enctype=\"multipart\/form-data\" method=\"post\" class=\"frm-show-form  frm_ajax_submit  frm_pro_form \" id=\"form_ikbcf\" >\n<div class=\"frm_form_fields \">\n<fieldset>\n<legend class=\"frm_screen_reader\">Shareholders Search<\/legend>\r\n\r\n<div class=\"frm_fields_container\">\n<input type=\"hidden\" name=\"frm_action\" value=\"create\" \/>\n<input type=\"hidden\" name=\"form_id\" value=\"54\" \/>\n<input type=\"hidden\" name=\"frm_hide_fields_54\" id=\"frm_hide_fields_54\" value=\"\" \/>\n<input type=\"hidden\" name=\"form_key\" value=\"ikbcf\" \/>\n<input type=\"hidden\" name=\"item_meta[0]\" value=\"\" \/>\n<input type=\"hidden\" id=\"frm_submit_entry_54\" name=\"frm_submit_entry_54\" value=\"dc70fbf8a4\" \/><input type=\"hidden\" name=\"_wp_http_referer\" value=\"\/fr\/wp-json\/wp\/v2\/pages\/21544\" \/><div id=\"frm_field_442_container\" class=\"frm_form_field form-field  form-group frm_top_container\">\r\n\t<label for=\"field_8j9dg\" id=\"field_8j9dg_label\" class=\"frm_primary_label col-form-label form-label\">Shareholders Name\r\n\t\t<span class=\"frm_required\" aria-hidden=\"true\"><\/span>\r\n\t<\/label>\r\n\t<input  type=\"text\" id=\"field_8j9dg\" name=\"item_meta[442]\" value=\"\"  data-invmsg=\"Shareholders Name is invalid\" class=\"form-control\" aria-invalid=\"false\"   \/>\r\n\t\r\n\t\r\n<\/div>\n<div id=\"frm_field_441_container\" class=\"frm_form_field form-field  form-group\">\r\n\t<div class=\"form-group frm_submit frm_flex\">\r\n<button class=\"frm_button_submit btn btn-secondary frm_final_submit\" type=\"submit\"  >Search<\/button>\r\n\r\n\r\n\r\n<\/div>\r\n<\/div>\n\t<input type=\"hidden\" name=\"item_key\" value=\"\" \/>\n\t\t\t<div id=\"frm_field_594_container\">\n\t\t\t<label for=\"field_q8jq9\" >\n\t\t\t\tSi vous \u00eates un humain, ne remplissez pas ce champ.\t\t\t<\/label>\n\t\t\t<input  id=\"field_q8jq9\" type=\"text\" class=\"frm_form_field form-field frm_verify\" name=\"item_meta[594]\" value=\"\"  \/>\n\t\t<\/div>\n\t\t<input name=\"frm_state\" type=\"hidden\" value=\"ct07Zby6Y5pgDQO7CP1r2YehO3W8Xtyj0DereUys0MdK3aoz4e4Vhq75tpTiECqW\" \/><\/div>\n<\/fieldset>\n<\/div>\n\n<p style=\"display: none !important;\" class=\"akismet-fields-container\" data-prefix=\"ak_\"><label>&#916;<textarea name=\"ak_hp_textarea\" cols=\"45\" rows=\"8\" maxlength=\"100\"><\/textarea><\/label><input type=\"hidden\" id=\"ak_js_1\" name=\"ak_js\" value=\"127\"\/><script>document.getElementById( \"ak_js_1\" ).setAttribute( \"value\", ( new Date() ).getTime() );<\/script><\/p><\/form>\n<\/div>\n<\/div>\n<\/div>\n\n\n\n<hr class=\"wp-block-separator alignwide has-text-color has-alpha-channel-opacity has-background is-style-wide\" style=\"background-color:#aaaaaa;color:#aaaaaa\"\/>\n\n\n\n<div style=\"height:35px\" aria-hidden=\"true\" class=\"wp-block-spacer\"><\/div>\n\n\n\n<div class=\"wp-block-columns is-layout-flex wp-container-core-columns-is-layout-9d6595d7 wp-block-columns-is-layout-flex\">\n<div class=\"wp-block-column is-layout-flow wp-block-column-is-layout-flow\"><!-- FRM-VIEW 754 state=\"PkyMuZYOJPpILiTO2rGwpGiurYqPU4YyIiqH9dA50sHcUqRUfnXuAEJFQxZAKeAj7IFduucb6oQSvqyUFCvicUjKUeJKp8xNbQ2ZhKCiIAliSAUvYQpGPdE1dG\/M8upuvMKnOYnOSYvb4Ku1tLpiQUruOdAHOgYbsK1DUiRb8gg5tgTVFvyHSqmmO4Ufk+Uk087WTVzOuoGosNt0yEHH7r6GCfgOL1efE5JZcDPDaV9kjKRjLcqQJcDRXPkqXQ36\" refresh=\"0\" --><a href=\"https:\/\/congomines.org\/fr\/shareholders-entry\/entry\/1129\/?pass_field=1129\">ABBAS VIRJI<\/a><br><a href=\"https:\/\/congomines.org\/fr\/shareholders-entry\/entry\/1112\/?pass_field=1112\">African Rainbow Minerals<\/a><br><a href=\"https:\/\/congomines.org\/fr\/shareholders-entry\/entry\/1052\/?pass_field=1052\">Africo Resources Ltd<\/a><br><a href=\"https:\/\/congomines.org\/fr\/shareholders-entry\/entry\/1205\/?pass_field=1205\">AFRICO RESOURCES SARL DRC<\/a><br><a href=\"https:\/\/congomines.org\/fr\/shareholders-entry\/entry\/1215\/?pass_field=1215\">Alphamin Resources BVI<\/a><br><a href=\"https:\/\/congomines.org\/fr\/shareholders-entry\/entry\/1216\/?pass_field=1216\">Alphamin Resources Corp<\/a><br><a href=\"https:\/\/congomines.org\/fr\/shareholders-entry\/entry\/1068\/?pass_field=1068\">Alsesy Trading (Property) Limited<\/a><br><a href=\"https:\/\/congomines.org\/fr\/shareholders-entry\/entry\/1139\/?pass_field=1139\">AMANI CONS<\/a><br><a href=\"https:\/\/congomines.org\/fr\/shareholders-entry\/entry\/1056\/?pass_field=1056\">AngloGold Ashanti<\/a><br><a href=\"https:\/\/congomines.org\/fr\/shareholders-entry\/entry\/1065\/?pass_field=1065\">Anvil Mining Ltd<\/a><br><a href=\"https:\/\/congomines.org\/fr\/shareholders-entry\/entry\/1119\/?pass_field=1119\">Anvil Patel<\/a><br><a href=\"https:\/\/congomines.org\/fr\/shareholders-entry\/entry\/1120\/?pass_field=1120\">Atul Dalmia<\/a><br><a href=\"https:\/\/congomines.org\/fr\/shareholders-entry\/entry\/1163\/?pass_field=1163\">AURUM KISANFU<\/a><br><a href=\"https:\/\/congomines.org\/fr\/shareholders-entry\/entry\/1212\/?pass_field=1212\">BALCON HOLDINGS<\/a><br><a href=\"https:\/\/congomines.org\/fr\/shareholders-entry\/entry\/1204\/?pass_field=1204\">BALCON INVESTMENTS<\/a><br><a href=\"https:\/\/congomines.org\/fr\/shareholders-entry\/entry\/1091\/?pass_field=1091\">Banro Corporation<\/a><br><a href=\"https:\/\/congomines.org\/fr\/shareholders-entry\/entry\/1161\/?pass_field=1161\">BARRICK<\/a><br><a href=\"https:\/\/congomines.org\/fr\/shareholders-entry\/entry\/1188\/?pass_field=1188\">BAYFORD PROPERTIES LIMITED<\/a><br><a href=\"https:\/\/congomines.org\/fr\/shareholders-entry\/entry\/1125\/?pass_field=1125\">BOLFAST COMPANY SARL<\/a><br><a href=\"https:\/\/congomines.org\/fr\/shareholders-entry\/entry\/1141\/?pass_field=1141\">BRITISH VIRGIN ISLANDS<\/a><br><a href=\"https:\/\/congomines.org\/fr\/shareholders-entry\/entry\/1076\/?pass_field=1076\">Camrose Resources<\/a><br><a href=\"https:\/\/congomines.org\/fr\/shareholders-entry\/entry\/1080\/?pass_field=1080\">Casa Mining (DRC) Sarl <\/a><br><a href=\"https:\/\/congomines.org\/fr\/shareholders-entry\/entry\/1077\/?pass_field=1077\">Casa Mining Ltd (Mauritius) <\/a><br><a href=\"https:\/\/congomines.org\/fr\/shareholders-entry\/entry\/1079\/?pass_field=1079\">Casa Resources Limited (Mauritius)<\/a><br><a href=\"https:\/\/congomines.org\/fr\/shareholders-entry\/entry\/1078\/?pass_field=1078\">Cazimo Resources Ltd (BVI)<\/a><br><div class=\"frm_pagination_cont frm_ajax_pagination_cont\">\n<ul class=\"frm_pagination pagination\">\n<li class=\"active page-item\"><a class=\"page-link\" href=\"\/fr\/wp-json\/wp\/v2\/pages\/21544?frm-page-754=1\">1<\/a><\/li>\n\t\t\t<li class=\"page-item\"><a class=\"page-link\" href=\"\/fr\/wp-json\/wp\/v2\/pages\/21544?frm-page-754=2\">2<\/a><\/li> \n\t\t\t\t<li class=\"page-item\"><a class=\"page-link\" href=\"\/fr\/wp-json\/wp\/v2\/pages\/21544?frm-page-754=3\">3<\/a><\/li> \n\t\t\t\t<li class=\"dots disabled\">&#8230;<\/li> \n\t\t\t<li class=\"page-item\"><a class=\"page-link\" href=\"\/fr\/wp-json\/wp\/v2\/pages\/21544?frm-page-754=8\">8<\/a><\/li>\n\t\t\t<li class=\"page-item\"><a class=\"page-link\" href=\"\/fr\/wp-json\/wp\/v2\/pages\/21544?frm-page-754=2\" class=\"next\">&#187;<\/a><\/li>\n\t\t<\/ul>\n<\/div>\n\n<\/div>\n<\/div>\n\n\n\n<div style=\"height:35px\" aria-hidden=\"true\" class=\"wp-block-spacer\"><\/div>\n","protected":false},"excerpt":{"rendered":"<p>Recherche d&#8217;une soci\u00e9t\u00e9 mini\u00e8re ou d&#8217;un investisseur<\/p>","protected":false},"author":2,"featured_media":0,"parent":0,"menu_order":0,"comment_status":"closed","ping_status":"closed","template":"","meta":{"ocean_post_layout":"full-width","ocean_both_sidebars_style":"","ocean_both_sidebars_content_width":0,"ocean_both_sidebars_sidebars_width":0,"ocean_sidebar":"","ocean_second_sidebar":"","ocean_disable_margins":"enable","ocean_add_body_class":"","ocean_shortcode_before_top_bar":"","ocean_shortcode_after_top_bar":"","ocean_shortcode_before_header":"","ocean_shortcode_after_header":"","ocean_has_shortcode":"","ocean_shortcode_after_title":"","ocean_shortcode_before_footer_widgets":"","ocean_shortcode_after_footer_widgets":"","ocean_shortcode_before_footer_bottom":"","ocean_shortcode_after_footer_bottom":"","ocean_display_top_bar":"default","ocean_display_header":"default","ocean_header_style":"","ocean_center_header_left_menu":"","ocean_custom_header_template":"","ocean_custom_logo":0,"ocean_custom_retina_logo":0,"ocean_custom_logo_max_width":0,"ocean_custom_logo_tablet_max_width":0,"ocean_custom_logo_mobile_max_width":0,"ocean_custom_logo_max_height":0,"ocean_custom_logo_tablet_max_height":0,"ocean_custom_logo_mobile_max_height":0,"ocean_header_custom_menu":"","ocean_menu_typo_font_family":"","ocean_menu_typo_font_subset":"","ocean_menu_typo_font_size":0,"ocean_menu_typo_font_size_tablet":0,"ocean_menu_typo_font_size_mobile":0,"ocean_menu_typo_font_size_unit":"px","ocean_menu_typo_font_weight":"","ocean_menu_typo_font_weight_tablet":"","ocean_menu_typo_font_weight_mobile":"","ocean_menu_typo_transform":"","ocean_menu_typo_transform_tablet":"","ocean_menu_typo_transform_mobile":"","ocean_menu_typo_line_height":0,"ocean_menu_typo_line_height_tablet":0,"ocean_menu_typo_line_height_mobile":0,"ocean_menu_typo_line_height_unit":"","ocean_menu_typo_spacing":0,"ocean_menu_typo_spacing_tablet":0,"ocean_menu_typo_spacing_mobile":0,"ocean_menu_typo_spacing_unit":"","ocean_menu_link_color":"","ocean_menu_link_color_hover":"","ocean_menu_link_color_active":"","ocean_menu_link_background":"","ocean_menu_link_hover_background":"","ocean_menu_link_active_background":"","ocean_menu_social_links_bg":"","ocean_menu_social_hover_links_bg":"","ocean_menu_social_links_color":"","ocean_menu_social_hover_links_color":"","ocean_disable_title":"default","ocean_disable_heading":"default","ocean_post_title":"","ocean_post_subheading":"","ocean_post_title_style":"","ocean_post_title_background_color":"","ocean_post_title_background":0,"ocean_post_title_bg_image_position":"","ocean_post_title_bg_image_attachment":"","ocean_post_title_bg_image_repeat":"","ocean_post_title_bg_image_size":"","ocean_post_title_height":0,"ocean_post_title_bg_overlay":0.5,"ocean_post_title_bg_overlay_color":"","ocean_disable_breadcrumbs":"default","ocean_breadcrumbs_color":"","ocean_breadcrumbs_separator_color":"","ocean_breadcrumbs_links_color":"","ocean_breadcrumbs_links_hover_color":"","ocean_display_footer_widgets":"default","ocean_display_footer_bottom":"default","ocean_custom_footer_template":"","footnotes":""},"class_list":["post-21544","page","type-page","status-publish","hentry","entry"],"yoast_head":"<!-- This site is optimized with the Yoast SEO plugin v27.4 - https:\/\/yoast.com\/product\/yoast-seo-wordpress\/ -->\n<title>Shareholders Entry - Congo Mines<\/title>\n<meta name=\"robots\" content=\"index, follow, max-snippet:-1, max-image-preview:large, max-video-preview:-1\" \/>\n<link rel=\"canonical\" href=\"https:\/\/www.congomines.org\/fr\/shareholders-entry\/\" \/>\n<meta property=\"og:locale\" content=\"fr_FR\" \/>\n<meta property=\"og:type\" content=\"article\" \/>\n<meta property=\"og:title\" content=\"Shareholders Entry - Congo Mines\" \/>\n<meta property=\"og:description\" content=\"Recherche d&#8217;une soci\u00e9t\u00e9 mini\u00e8re ou d&#8217;un investisseur\" \/>\n<meta property=\"og:url\" content=\"https:\/\/www.congomines.org\/fr\/shareholders-entry\/\" \/>\n<meta property=\"og:site_name\" content=\"Congo Mines\" \/>\n<meta property=\"article:modified_time\" content=\"2026-02-13T02:11:44+00:00\" \/>\n<meta name=\"twitter:card\" content=\"summary_large_image\" \/>\n<meta name=\"twitter:label1\" content=\"Dur\u00e9e de lecture estim\u00e9e\" \/>\n\t<meta name=\"twitter:data1\" content=\"1 minute\" \/>\n<script type=\"application\/ld+json\" class=\"yoast-schema-graph\">{\"@context\":\"https:\\\/\\\/schema.org\",\"@graph\":[{\"@type\":\"WebPage\",\"@id\":\"https:\\\/\\\/www.congomines.org\\\/fr\\\/shareholders-entry\\\/\",\"url\":\"https:\\\/\\\/www.congomines.org\\\/fr\\\/shareholders-entry\\\/\",\"name\":\"Shareholders Entry - Congo Mines\",\"isPartOf\":{\"@id\":\"https:\\\/\\\/congomines.org\\\/#website\"},\"datePublished\":\"2025-08-04T13:11:10+00:00\",\"dateModified\":\"2026-02-13T02:11:44+00:00\",\"breadcrumb\":{\"@id\":\"https:\\\/\\\/www.congomines.org\\\/fr\\\/shareholders-entry\\\/#breadcrumb\"},\"inLanguage\":\"fr-FR\",\"potentialAction\":[{\"@type\":\"ReadAction\",\"target\":[\"https:\\\/\\\/www.congomines.org\\\/fr\\\/shareholders-entry\\\/\"]}]},{\"@type\":\"BreadcrumbList\",\"@id\":\"https:\\\/\\\/www.congomines.org\\\/fr\\\/shareholders-entry\\\/#breadcrumb\",\"itemListElement\":[{\"@type\":\"ListItem\",\"position\":1,\"name\":\"Home\",\"item\":\"https:\\\/\\\/congomines.azurewebsites.net\\\/fr\\\/\"},{\"@type\":\"ListItem\",\"position\":2,\"name\":\"Shareholders Entry\"}]},{\"@type\":\"WebSite\",\"@id\":\"https:\\\/\\\/congomines.org\\\/#website\",\"url\":\"https:\\\/\\\/congomines.org\\\/\",\"name\":\"Congo Mines\",\"description\":\"\",\"publisher\":{\"@id\":\"https:\\\/\\\/congomines.org\\\/#organization\"},\"potentialAction\":[{\"@type\":\"SearchAction\",\"target\":{\"@type\":\"EntryPoint\",\"urlTemplate\":\"https:\\\/\\\/congomines.org\\\/?s={search_term_string}\"},\"query-input\":{\"@type\":\"PropertyValueSpecification\",\"valueRequired\":true,\"valueName\":\"search_term_string\"}}],\"inLanguage\":\"fr-FR\"},{\"@type\":\"Organization\",\"@id\":\"https:\\\/\\\/congomines.org\\\/#organization\",\"name\":\"Congo Mines\",\"url\":\"https:\\\/\\\/congomines.org\\\/\",\"logo\":{\"@type\":\"ImageObject\",\"inLanguage\":\"fr-FR\",\"@id\":\"https:\\\/\\\/congomines.org\\\/#\\\/schema\\\/logo\\\/image\\\/\",\"url\":\"\\\/wp-content\\\/uploads\\\/2024\\\/07\\\/logo-12d189e2721b77941295d115c6dc43fe.png?wsr\",\"contentUrl\":\"\\\/wp-content\\\/uploads\\\/2024\\\/07\\\/logo-12d189e2721b77941295d115c6dc43fe.png?wsr\",\"width\":332,\"height\":222,\"caption\":\"Congo Mines\"},\"image\":{\"@id\":\"https:\\\/\\\/congomines.org\\\/#\\\/schema\\\/logo\\\/image\\\/\"}}]}<\/script>\n<!-- \/ Yoast SEO plugin. -->","yoast_head_json":{"title":"Shareholders Entry - Congo Mines","robots":{"index":"index","follow":"follow","max-snippet":"max-snippet:-1","max-image-preview":"max-image-preview:large","max-video-preview":"max-video-preview:-1"},"canonical":"https:\/\/www.congomines.org\/fr\/shareholders-entry\/","og_locale":"fr_FR","og_type":"article","og_title":"Shareholders Entry - Congo Mines","og_description":"Recherche d&#8217;une soci\u00e9t\u00e9 mini\u00e8re ou d&#8217;un investisseur","og_url":"https:\/\/www.congomines.org\/fr\/shareholders-entry\/","og_site_name":"Congo Mines","article_modified_time":"2026-02-13T02:11:44+00:00","twitter_card":"summary_large_image","twitter_misc":{"Dur\u00e9e de lecture estim\u00e9e":"1 minute"},"schema":{"@context":"https:\/\/schema.org","@graph":[{"@type":"WebPage","@id":"https:\/\/www.congomines.org\/fr\/shareholders-entry\/","url":"https:\/\/www.congomines.org\/fr\/shareholders-entry\/","name":"Shareholders Entry - Congo Mines","isPartOf":{"@id":"https:\/\/congomines.org\/#website"},"datePublished":"2025-08-04T13:11:10+00:00","dateModified":"2026-02-13T02:11:44+00:00","breadcrumb":{"@id":"https:\/\/www.congomines.org\/fr\/shareholders-entry\/#breadcrumb"},"inLanguage":"fr-FR","potentialAction":[{"@type":"ReadAction","target":["https:\/\/www.congomines.org\/fr\/shareholders-entry\/"]}]},{"@type":"BreadcrumbList","@id":"https:\/\/www.congomines.org\/fr\/shareholders-entry\/#breadcrumb","itemListElement":[{"@type":"ListItem","position":1,"name":"Home","item":"https:\/\/congomines.azurewebsites.net\/fr\/"},{"@type":"ListItem","position":2,"name":"Shareholders Entry"}]},{"@type":"WebSite","@id":"https:\/\/congomines.org\/#website","url":"https:\/\/congomines.org\/","name":"Congo Mines","description":"","publisher":{"@id":"https:\/\/congomines.org\/#organization"},"potentialAction":[{"@type":"SearchAction","target":{"@type":"EntryPoint","urlTemplate":"https:\/\/congomines.org\/?s={search_term_string}"},"query-input":{"@type":"PropertyValueSpecification","valueRequired":true,"valueName":"search_term_string"}}],"inLanguage":"fr-FR"},{"@type":"Organization","@id":"https:\/\/congomines.org\/#organization","name":"Congo Mines","url":"https:\/\/congomines.org\/","logo":{"@type":"ImageObject","inLanguage":"fr-FR","@id":"https:\/\/congomines.org\/#\/schema\/logo\/image\/","url":"\/wp-content\/uploads\/2024\/07\/logo-12d189e2721b77941295d115c6dc43fe.png?wsr","contentUrl":"\/wp-content\/uploads\/2024\/07\/logo-12d189e2721b77941295d115c6dc43fe.png?wsr","width":332,"height":222,"caption":"Congo Mines"},"image":{"@id":"https:\/\/congomines.org\/#\/schema\/logo\/image\/"}}]}},"_links":{"self":[{"href":"https:\/\/congomines.org\/fr\/wp-json\/wp\/v2\/pages\/21544","targetHints":{"allow":["GET"]}}],"collection":[{"href":"https:\/\/congomines.org\/fr\/wp-json\/wp\/v2\/pages"}],"about":[{"href":"https:\/\/congomines.org\/fr\/wp-json\/wp\/v2\/types\/page"}],"author":[{"embeddable":true,"href":"https:\/\/congomines.org\/fr\/wp-json\/wp\/v2\/users\/2"}],"replies":[{"embeddable":true,"href":"https:\/\/congomines.org\/fr\/wp-json\/wp\/v2\/comments?post=21544"}],"version-history":[{"count":8,"href":"https:\/\/congomines.org\/fr\/wp-json\/wp\/v2\/pages\/21544\/revisions"}],"predecessor-version":[{"id":22114,"href":"https:\/\/congomines.org\/fr\/wp-json\/wp\/v2\/pages\/21544\/revisions\/22114"}],"wp:attachment":[{"href":"https:\/\/congomines.org\/fr\/wp-json\/wp\/v2\/media?parent=21544"}],"curies":[{"name":"wp","href":"https:\/\/api.w.org\/{rel}","templated":true}]}}