{"id":203,"date":"2024-08-13T16:10:44","date_gmt":"2024-08-13T16:10:44","guid":{"rendered":"https:\/\/congomines.azurewebsites.net\/?page_id=203"},"modified":"2026-02-12T11:25:40","modified_gmt":"2026-02-12T11:25:40","slug":"entreprises","status":"publish","type":"page","link":"https:\/\/congomines.org\/fr\/companies\/","title":{"rendered":"Entreprises"},"content":{"rendered":"\n<div style=\"height:10px\" aria-hidden=\"true\" class=\"wp-block-spacer\"><\/div>\n\n\n<nav class=\"has-small-font-size is-responsive items-justified-center alignfull wp-block-navigation is-horizontal is-content-justification-center is-layout-flex wp-container-core-navigation-is-layout-769315fb wp-block-navigation-is-layout-flex\" aria-label=\"Navigation\" \n\t\t data-wp-interactive=\"core\/navigation\" data-wp-context='{\"overlayOpenedBy\":{\"click\":false,\"hover\":false,\"focus\":false},\"type\":\"overlay\",\"roleAttribute\":\"\",\"ariaLabel\":\"Menu\"}'><button aria-haspopup=\"dialog\" aria-label=\"Ouvrir le menu\" class=\"wp-block-navigation__responsive-container-open\" \n\t\t\t\tdata-wp-on--click=\"actions.openMenuOnClick\"\n\t\t\t\tdata-wp-on--keydown=\"actions.handleMenuKeydown\"\n\t\t\t><svg width=\"24\" height=\"24\" xmlns=\"http:\/\/www.w3.org\/2000\/svg\" viewBox=\"0 0 24 24\"><path d=\"M5 5v1.5h14V5H5z\"><\/path><path d=\"M5 12.8h14v-1.5H5v1.5z\"><\/path><path d=\"M5 19h14v-1.5H5V19z\"><\/path><\/svg><\/button>\n\t\t\t\t<div class=\"wp-block-navigation__responsive-container\"  id=\"modal-1\" \n\t\t\t\tdata-wp-class--has-modal-open=\"state.isMenuOpen\"\n\t\t\t\tdata-wp-class--is-menu-open=\"state.isMenuOpen\"\n\t\t\t\tdata-wp-watch=\"callbacks.initMenu\"\n\t\t\t\tdata-wp-on--keydown=\"actions.handleMenuKeydown\"\n\t\t\t\tdata-wp-on--focusout=\"actions.handleMenuFocusout\"\n\t\t\t\ttabindex=\"-1\"\n\t\t\t>\n\t\t\t\t\t<div class=\"wp-block-navigation__responsive-close\" tabindex=\"-1\">\n\t\t\t\t\t\t<div class=\"wp-block-navigation__responsive-dialog\" \n\t\t\t\tdata-wp-bind--aria-modal=\"state.ariaModal\"\n\t\t\t\tdata-wp-bind--aria-label=\"state.ariaLabel\"\n\t\t\t\tdata-wp-bind--role=\"state.roleAttribute\"\n\t\t\t>\n\t\t\t\t\t\t\t<button aria-label=\"Fermer le menu\" class=\"wp-block-navigation__responsive-container-close\" \n\t\t\t\tdata-wp-on--click=\"actions.closeMenuOnClick\"\n\t\t\t><svg xmlns=\"http:\/\/www.w3.org\/2000\/svg\" viewBox=\"0 0 24 24\" width=\"24\" height=\"24\" aria-hidden=\"true\" focusable=\"false\"><path d=\"m13.06 12 6.47-6.47-1.06-1.06L12 10.94 5.53 4.47 4.47 5.53 10.94 12l-6.47 6.47 1.06 1.06L12 13.06l6.47 6.47 1.06-1.06L13.06 12Z\"><\/path><\/svg><\/button>\n\t\t\t\t\t\t\t<div class=\"wp-block-navigation__responsive-container-content\" \n\t\t\t\tdata-wp-watch=\"callbacks.focusFirstElement\"\n\t\t\t id=\"modal-1-content\">\n\t\t\t\t\t\t\t\t<ul class=\"wp-block-navigation__container has-small-font-size is-responsive items-justified-center alignfull wp-block-navigation has-small-font-size\"><li class=\"has-small-font-size wp-block-navigation-item wp-block-navigation-link\"><a class=\"wp-block-navigation-item__content\"  href=\"https:\/\/congomines.org\/\"><span class=\"wp-block-navigation-item__label\">Home<\/span><\/a><\/li><li class=\"has-small-font-size wp-block-navigation-item wp-block-navigation-link\"><a class=\"wp-block-navigation-item__content\"  href=\"https:\/\/congomines.org\/about\/\"><span class=\"wp-block-navigation-item__label\">About<\/span><\/a><\/li><li class=\"has-small-font-size wp-block-navigation-item wp-block-navigation-link\"><a class=\"wp-block-navigation-item__content\"  href=\"https:\/\/congomines.org\/fr\/report-listing\/\"><span class=\"wp-block-navigation-item__label\">Reports<\/span><\/a><\/li><li class=\"has-small-font-size wp-block-navigation-item wp-block-navigation-link\"><a class=\"wp-block-navigation-item__content\"  href=\"https:\/\/congomines.org\/list-of-companies\/\"><span class=\"wp-block-navigation-item__label\">Companies<\/span><\/a><\/li><\/ul><ul class=\"wp-block-navigation__container has-small-font-size is-responsive items-justified-center alignfull wp-block-navigation has-small-font-size\"><li class=\"has-small-font-size wp-block-navigation-item wp-block-navigation-link\"><a class=\"wp-block-navigation-item__content\"  href=\"https:\/\/congomines.org\/shareholderlist\/\"><span class=\"wp-block-navigation-item__label\">Shareholders<\/span><\/a><\/li><li class=\"has-small-font-size wp-block-navigation-item wp-block-navigation-link\"><a class=\"wp-block-navigation-item__content\"  href=\"https:\/\/congomines.org\/a-state-affair\/\"><span class=\"wp-block-navigation-item__label\">A State Affair<\/span><\/a><\/li><li class=\"has-small-font-size wp-block-navigation-item wp-block-navigation-link\"><a class=\"wp-block-navigation-item__content\"  href=\"https:\/\/congomines.org\/maps\/\"><span class=\"wp-block-navigation-item__label\">Maps<\/span><\/a><\/li><\/ul>\n\t\t\t\t\t\t\t<\/div>\n\t\t\t\t\t\t<\/div>\n\t\t\t\t\t<\/div>\n\t\t\t\t<\/div><\/nav>\n\n\n<div style=\"height:10px\" aria-hidden=\"true\" class=\"wp-block-spacer\"><\/div>\n\n\n\n<div class=\"wp-block-cover alignfull has-custom-content-position is-position-top-center\" style=\"min-height:396px;aspect-ratio:unset;\"><img loading=\"lazy\" decoding=\"async\" width=\"1024\" height=\"173\" class=\"wp-block-cover__image-background wp-image-126 size-large\" alt=\"\" src=\"https:\/\/wpstorage7ceb827ed5.blob.core.windows.net\/wpblob7ceb827ed5\/2024\/07\/header_banner_narrow-d143d13f493dd29ac46593236b5841d0-1024x173.jpg\" data-object-fit=\"cover\" srcset=\"\/wp-content\/uploads\/2024\/07\/header_banner_narrow-d143d13f493dd29ac46593236b5841d0-1024x173.jpg 1024w, \/wp-content\/uploads\/2024\/07\/header_banner_narrow-d143d13f493dd29ac46593236b5841d0-300x51.jpg 300w, \/wp-content\/uploads\/2024\/07\/header_banner_narrow-d143d13f493dd29ac46593236b5841d0-768x130.jpg 768w, \/wp-content\/uploads\/2024\/07\/header_banner_narrow-d143d13f493dd29ac46593236b5841d0.jpg 1300w\" sizes=\"auto, (max-width: 1024px) 100vw, 1024px\" \/><span aria-hidden=\"true\" class=\"wp-block-cover__background has-background-dim\" style=\"background-color:#3c3d3f\"><\/span><div class=\"wp-block-cover__inner-container is-layout-constrained wp-block-cover-is-layout-constrained\">\n<h2 class=\"wp-block-heading has-text-align-center has-large-font-size\"><mark style=\"background-color:rgba(0, 0, 0, 0);color:#eeeeee\" class=\"has-inline-color\">Portail d&#8217;information sur le secteur minier industriel en R\u00e9publique d\u00e9mocratique du Congo<\/mark><\/h2>\n\n\n\n<div style=\"height:100px\" aria-hidden=\"true\" class=\"wp-block-spacer\"><\/div>\n\n\n<div class=\"wp-block-image\">\n<figure class=\"alignright size-full is-resized\"><a href=\"https:\/\/www.cartercenter.org\/\" target=\"_blank\" rel=\"noreferrer noopener\"><img loading=\"lazy\" decoding=\"async\" width=\"150\" height=\"127\" src=\"https:\/\/wpstorage7ceb827ed5.blob.core.windows.net\/wpblob7ceb827ed5\/2024\/11\/TCC-Logo.png\" alt=\"\" class=\"wp-image-673\" style=\"width:90px;height:auto\"\/><\/a><\/figure>\n<\/div>\n\n<div class=\"wp-block-image\">\n<figure class=\"alignleft size-full is-resized\"><a href=\"https:\/\/congomines.org\/\"><img loading=\"lazy\" decoding=\"async\" width=\"332\" height=\"222\" src=\"https:\/\/wpstorage7ceb827ed5.blob.core.windows.net\/wpblob7ceb827ed5\/2024\/08\/CongoMines-Logo.png\" alt=\"\" class=\"wp-image-198\" style=\"width:103px;height:auto\" srcset=\"\/wp-content\/uploads\/2024\/08\/CongoMines-Logo.png 332w, \/wp-content\/uploads\/2024\/08\/CongoMines-Logo-300x201.png 300w\" sizes=\"auto, (max-width: 332px) 100vw, 332px\" \/><\/a><\/figure>\n<\/div><\/div><\/div>\n\n\n\n<div style=\"height:35px\" aria-hidden=\"true\" class=\"wp-block-spacer\"><\/div>\n\n\n\n<h1 class=\"wp-block-heading has-text-align-center\" style=\"font-style:normal;font-weight:400\"><mark style=\"background-color:rgba(0, 0, 0, 0);color:#aaaaaa\" class=\"has-inline-color\">Recherche d&#8217;une soci\u00e9t\u00e9 mini\u00e8re ou d&#8217;un investisseur<\/mark><\/h1>\n\n\n\n<div style=\"height:35px\" aria-hidden=\"true\" class=\"wp-block-spacer\"><\/div>\n\n\n\n<div class=\"wp-block-columns is-layout-flex wp-container-core-columns-is-layout-9d6595d7 wp-block-columns-is-layout-flex\">\n<div class=\"wp-block-column is-layout-flow wp-block-column-is-layout-flow\"><div class=\"frm_forms  with_frm_style frm_style_formidable-style\" id=\"frm_form_55_container\" >\n<form enctype=\"multipart\/form-data\" method=\"post\" class=\"frm-show-form  frm_ajax_submit  frm_pro_form \" id=\"form_7stnm\" >\n<div class=\"frm_form_fields \">\n<fieldset>\n<legend class=\"frm_screen_reader\">Mining Companies Search<\/legend>\r\n\r\n<div class=\"frm_fields_container\">\n<input type=\"hidden\" name=\"frm_action\" value=\"create\" \/>\n<input type=\"hidden\" name=\"form_id\" value=\"55\" \/>\n<input type=\"hidden\" name=\"frm_hide_fields_55\" id=\"frm_hide_fields_55\" value=\"\" \/>\n<input type=\"hidden\" name=\"form_key\" value=\"7stnm\" \/>\n<input type=\"hidden\" name=\"item_meta[0]\" value=\"\" \/>\n<input type=\"hidden\" id=\"frm_submit_entry_55\" name=\"frm_submit_entry_55\" value=\"c4db3658a2\" \/><input type=\"hidden\" name=\"_wp_http_referer\" value=\"\/fr\/wp-json\/wp\/v2\/pages\/203\" \/><div id=\"frm_field_445_container\" class=\"frm_form_field form-field  form-group frm_top_container frm12 frm_first\">\r\n\t<label for=\"field_c4glg\" id=\"field_c4glg_label\" class=\"frm_primary_label col-form-label form-label\">Mining companies under Congolese law\r\n\t\t<span class=\"frm_required\" aria-hidden=\"true\"><\/span>\r\n\t<\/label>\r\n\t<input  type=\"text\" id=\"field_c4glg\" name=\"item_meta[445]\" value=\"\"  data-invmsg=\"Mining companies under Congolese law is invalid\" class=\"form-control\" aria-invalid=\"false\"   \/>\r\n\t\r\n\t\r\n<\/div>\n<div id=\"frm_field_444_container\" class=\"frm_form_field form-field  form-group\">\r\n\t<div class=\"form-group frm_submit frm_flex\">\r\n<button class=\"frm_button_submit btn btn-secondary frm_final_submit\" type=\"submit\"  >Search<\/button>\r\n\r\n\r\n\r\n<\/div>\r\n<\/div>\n\t<input type=\"hidden\" name=\"item_key\" value=\"\" \/>\n\t\t\t<div id=\"frm_field_594_container\">\n\t\t\t<label for=\"field_rdqfk\" >\n\t\t\t\tSi vous \u00eates un humain, ne remplissez pas ce champ.\t\t\t<\/label>\n\t\t\t<input  id=\"field_rdqfk\" type=\"text\" class=\"frm_form_field form-field frm_verify\" name=\"item_meta[594]\" value=\"\"  \/>\n\t\t<\/div>\n\t\t<input name=\"frm_state\" type=\"hidden\" value=\"ct07Zby6Y5pgDQO7CP1r2RLyri2+WzAwz2hzbnHbRcb0SJKHyJhhuKg3ssjU\/hU1\" \/><\/div>\n<\/fieldset>\n<\/div>\n\n<p style=\"display: none !important;\" class=\"akismet-fields-container\" data-prefix=\"ak_\"><label>&#916;<textarea name=\"ak_hp_textarea\" cols=\"45\" rows=\"8\" maxlength=\"100\"><\/textarea><\/label><input type=\"hidden\" id=\"ak_js_1\" name=\"ak_js\" value=\"171\"\/><script>document.getElementById( \"ak_js_1\" ).setAttribute( \"value\", ( new Date() ).getTime() );<\/script><\/p><\/form>\n<\/div>\n<\/div>\n<\/div>\n\n\n\n<div style=\"height:35px\" aria-hidden=\"true\" class=\"wp-block-spacer\"><\/div>\n\n\n\n<hr class=\"wp-block-separator alignwide has-text-color has-alpha-channel-opacity has-background is-style-wide\" style=\"background-color:#aaaaaa;color:#aaaaaa\"\/>\n\n\n\n<div style=\"height:35px\" aria-hidden=\"true\" class=\"wp-block-spacer\"><\/div>\n\n\n<!-- FRM-VIEW 2274 state=\"ibDDk6a9rnYfNJ3Ly0irMM5A58etCdrOKwAPZqAdP1\/cwDMRkOMtJRGjbHiPRzyRo7R2rC+XtPPdPAeXXB8icjZnOVt12XSxX19cB\/z1Da2hy99sDrIRe0nKJOyCg0V3vH\/lfJKP17OTwxyaGINlhCJhHYKvMBySIQAxEzFNZMu9XMS8\/b5MUHjCiXeLgE\/M3KwFMruBAXeb4XGdvijPMTiuKqg2kAuW654xiJVBUr0=\" refresh=\"0\" --><a href=\"https:\/\/congomines.org\/fr\/companies\/entry\/7606\/?entry=7606\">Alphamin Bisie  Mining<\/a><br><a href=\"https:\/\/congomines.org\/fr\/companies\/entry\/5812\/?entry=5812\">Anvil Mining Congo<\/a><br><a href=\"https:\/\/congomines.org\/fr\/companies\/entry\/7224\/?entry=7224\">Aurum<\/a><br><a href=\"https:\/\/congomines.org\/fr\/companies\/entry\/6173\/?entry=6173\">Bolfast Company<\/a><br><a href=\"https:\/\/congomines.org\/fr\/companies\/entry\/7144\/?entry=7144\">Bon Geni K. Mining<\/a><br><a href=\"https:\/\/congomines.org\/fr\/companies\/entry\/5513\/?entry=5513\">Boss Mining <\/a><br><a href=\"https:\/\/congomines.org\/fr\/companies\/entry\/7409\/?entry=7409\">Casa Mining (DRC)<\/a><br><a href=\"https:\/\/congomines.org\/fr\/companies\/entry\/5769\/?entry=5769\">Chemicals Of Africa<\/a><br><a href=\"https:\/\/congomines.org\/fr\/companies\/entry\/6803\/?entry=6803\">Compagnie de Traitement des Rejets de Kingamyambo<\/a><br><a href=\"https:\/\/congomines.org\/fr\/companies\/entry\/7133\/?entry=7133\">Compagnie Mini\u00e8re de Dilala<\/a><br><a href=\"https:\/\/congomines.org\/fr\/companies\/entry\/6940\/?entry=6940\">Compagnie Mini\u00e8re de Kambove<\/a><br><a href=\"https:\/\/congomines.org\/fr\/companies\/entry\/6493\/?entry=6493\">Compagnie Mini\u00e8re de Luisha<\/a><br><a href=\"https:\/\/congomines.org\/fr\/companies\/entry\/6603\/?entry=6603\">Compagnie Mini\u00e8re de Musonoi<\/a><br><a href=\"https:\/\/congomines.org\/fr\/companies\/entry\/6526\/?entry=6526\">Compagnie Mini\u00e8re de Sakania<\/a><br><a href=\"https:\/\/congomines.org\/fr\/companies\/entry\/7588\/?entry=7588\">Compagnie Mini\u00e8re de Tondo<\/a><br><a href=\"https:\/\/congomines.org\/fr\/companies\/entry\/5331\/?entry=5331\">Compagnie Mini\u00e8re du Sud Katanga<\/a><br><a href=\"https:\/\/congomines.org\/fr\/companies\/entry\/6922\/?entry=6922\">Congo Cobalt Corporation<\/a><br><a href=\"https:\/\/congomines.org\/fr\/companies\/entry\/6545\/?entry=6545\">Congo Dongfang International Mining<\/a><br><a href=\"https:\/\/congomines.org\/fr\/companies\/entry\/7460\/?entry=7460\">Congo International Mining Corporation<\/a><br><a href=\"https:\/\/congomines.org\/fr\/companies\/entry\/6196\/?entry=6196\">Congo Loyal Will Mining<\/a><br><a href=\"https:\/\/congomines.org\/fr\/companies\/entry\/7539\/?entry=7539\">Congolaise d&#8217;Exploitation Mini\u00e8re<\/a><br><a href=\"https:\/\/congomines.org\/fr\/companies\/entry\/5987\/?entry=5987\">Congolaise des Mines et du D\u00e9veloppement <\/a><br><a href=\"https:\/\/congomines.org\/fr\/companies\/entry\/6201\/?entry=6201\">Cota Mining<\/a><br><a href=\"https:\/\/congomines.org\/fr\/companies\/entry\/7563\/?entry=7563\">De Beers DRC Exploration<\/a><br><a href=\"https:\/\/congomines.org\/fr\/companies\/entry\/7630\/?entry=7630\">Entreprise G\u00e9n\u00e9rale du Cobalt<\/a><br><div class=\"frm_pagination_cont frm_ajax_pagination_cont\">\n<ul class=\"frm_pagination pagination\">\n<li class=\"active page-item\"><a class=\"page-link\" href=\"\/fr\/wp-json\/wp\/v2\/pages\/203?frm-page-2274=1\">1<\/a><\/li>\n\t\t\t<li class=\"page-item\"><a class=\"page-link\" href=\"\/fr\/wp-json\/wp\/v2\/pages\/203?frm-page-2274=2\">2<\/a><\/li> \n\t\t\t\t<li class=\"page-item\"><a class=\"page-link\" href=\"\/fr\/wp-json\/wp\/v2\/pages\/203?frm-page-2274=3\">3<\/a><\/li> \n\t\t\t\t<li class=\"dots disabled\">&#8230;<\/li> \n\t\t\t<li class=\"page-item\"><a class=\"page-link\" href=\"\/fr\/wp-json\/wp\/v2\/pages\/203?frm-page-2274=5\">5<\/a><\/li>\n\t\t\t<li class=\"page-item\"><a class=\"page-link\" href=\"\/fr\/wp-json\/wp\/v2\/pages\/203?frm-page-2274=2\" class=\"next\">&#187;<\/a><\/li>\n\t\t<\/ul>\n<\/div>\n\n\n\n\n<div class=\"wp-block-columns is-layout-flex wp-container-core-columns-is-layout-9d6595d7 wp-block-columns-is-layout-flex\">\n<div class=\"wp-block-column is-layout-flow wp-block-column-is-layout-flow\"><\/div>\n\n\n\n<div class=\"wp-block-column is-layout-flow wp-block-column-is-layout-flow\"><\/div>\n<\/div>\n\n\n\n<div style=\"height:35px\" aria-hidden=\"true\" class=\"wp-block-spacer\"><\/div>\n","protected":false},"excerpt":{"rendered":"<p>Recherche d&#8217;une soci\u00e9t\u00e9 mini\u00e8re ou d&#8217;un investisseur<\/p>","protected":false},"author":1,"featured_media":0,"parent":0,"menu_order":0,"comment_status":"closed","ping_status":"closed","template":"","meta":{"ocean_post_layout":"full-width","ocean_both_sidebars_style":"","ocean_both_sidebars_content_width":0,"ocean_both_sidebars_sidebars_width":0,"ocean_sidebar":"","ocean_second_sidebar":"","ocean_disable_margins":"enable","ocean_add_body_class":"","ocean_shortcode_before_top_bar":"","ocean_shortcode_after_top_bar":"","ocean_shortcode_before_header":"","ocean_shortcode_after_header":"","ocean_has_shortcode":"","ocean_shortcode_after_title":"","ocean_shortcode_before_footer_widgets":"","ocean_shortcode_after_footer_widgets":"","ocean_shortcode_before_footer_bottom":"","ocean_shortcode_after_footer_bottom":"","ocean_display_top_bar":"off","ocean_display_header":"off","ocean_header_style":"","ocean_center_header_left_menu":"","ocean_custom_header_template":"","ocean_custom_logo":0,"ocean_custom_retina_logo":0,"ocean_custom_logo_max_width":0,"ocean_custom_logo_tablet_max_width":0,"ocean_custom_logo_mobile_max_width":0,"ocean_custom_logo_max_height":0,"ocean_custom_logo_tablet_max_height":0,"ocean_custom_logo_mobile_max_height":0,"ocean_header_custom_menu":"11","ocean_menu_typo_font_family":"","ocean_menu_typo_font_subset":"","ocean_menu_typo_font_size":0,"ocean_menu_typo_font_size_tablet":0,"ocean_menu_typo_font_size_mobile":0,"ocean_menu_typo_font_size_unit":"px","ocean_menu_typo_font_weight":"","ocean_menu_typo_font_weight_tablet":"","ocean_menu_typo_font_weight_mobile":"","ocean_menu_typo_transform":"","ocean_menu_typo_transform_tablet":"","ocean_menu_typo_transform_mobile":"","ocean_menu_typo_line_height":0,"ocean_menu_typo_line_height_tablet":0,"ocean_menu_typo_line_height_mobile":0,"ocean_menu_typo_line_height_unit":"","ocean_menu_typo_spacing":0,"ocean_menu_typo_spacing_tablet":0,"ocean_menu_typo_spacing_mobile":0,"ocean_menu_typo_spacing_unit":"","ocean_menu_link_color":"#ffffff","ocean_menu_link_color_hover":"#32acde","ocean_menu_link_color_active":"#008cba","ocean_menu_link_background":"#000000","ocean_menu_link_hover_background":"","ocean_menu_link_active_background":"","ocean_menu_social_links_bg":"","ocean_menu_social_hover_links_bg":"","ocean_menu_social_links_color":"","ocean_menu_social_hover_links_color":"","ocean_disable_title":"default","ocean_disable_heading":"on","ocean_post_title":"","ocean_post_subheading":"","ocean_post_title_style":"","ocean_post_title_background_color":"","ocean_post_title_background":0,"ocean_post_title_bg_image_position":"","ocean_post_title_bg_image_attachment":"","ocean_post_title_bg_image_repeat":"","ocean_post_title_bg_image_size":"","ocean_post_title_height":0,"ocean_post_title_bg_overlay":0.5,"ocean_post_title_bg_overlay_color":"","ocean_disable_breadcrumbs":"default","ocean_breadcrumbs_color":"","ocean_breadcrumbs_separator_color":"","ocean_breadcrumbs_links_color":"","ocean_breadcrumbs_links_hover_color":"","ocean_display_footer_widgets":"default","ocean_display_footer_bottom":"default","ocean_custom_footer_template":"","footnotes":""},"class_list":["post-203","page","type-page","status-publish","hentry","entry"],"yoast_head":"<!-- This site is optimized with the Yoast SEO plugin v27.4 - https:\/\/yoast.com\/product\/yoast-seo-wordpress\/ -->\n<title>Companies - Congo Mines<\/title>\n<meta name=\"robots\" content=\"index, follow, max-snippet:-1, max-image-preview:large, max-video-preview:-1\" \/>\n<link rel=\"canonical\" href=\"https:\/\/congomines.org\/fr\/entreprises\/\" \/>\n<meta property=\"og:locale\" content=\"fr_FR\" \/>\n<meta property=\"og:type\" content=\"article\" \/>\n<meta property=\"og:title\" content=\"Companies - Congo Mines\" \/>\n<meta property=\"og:description\" content=\"Recherche d&#8217;une soci\u00e9t\u00e9 mini\u00e8re ou d&#8217;un investisseur\" \/>\n<meta property=\"og:url\" content=\"https:\/\/congomines.org\/fr\/entreprises\/\" \/>\n<meta property=\"og:site_name\" content=\"Congo Mines\" \/>\n<meta property=\"article:modified_time\" content=\"2026-02-12T11:25:40+00:00\" \/>\n<meta name=\"twitter:card\" content=\"summary_large_image\" \/>\n<meta name=\"twitter:label1\" content=\"Dur\u00e9e de lecture estim\u00e9e\" \/>\n\t<meta name=\"twitter:data1\" content=\"1 minute\" \/>\n<script type=\"application\/ld+json\" class=\"yoast-schema-graph\">{\"@context\":\"https:\\\/\\\/schema.org\",\"@graph\":[{\"@type\":\"WebPage\",\"@id\":\"https:\\\/\\\/congomines.org\\\/fr\\\/entreprises\\\/\",\"url\":\"https:\\\/\\\/congomines.org\\\/fr\\\/entreprises\\\/\",\"name\":\"Companies - Congo Mines\",\"isPartOf\":{\"@id\":\"https:\\\/\\\/www.congomines.org\\\/#website\"},\"datePublished\":\"2024-08-13T16:10:44+00:00\",\"dateModified\":\"2026-02-12T11:25:40+00:00\",\"breadcrumb\":{\"@id\":\"https:\\\/\\\/congomines.org\\\/fr\\\/entreprises\\\/#breadcrumb\"},\"inLanguage\":\"fr-FR\",\"potentialAction\":[{\"@type\":\"ReadAction\",\"target\":[\"https:\\\/\\\/congomines.org\\\/fr\\\/entreprises\\\/\"]}]},{\"@type\":\"BreadcrumbList\",\"@id\":\"https:\\\/\\\/congomines.org\\\/fr\\\/entreprises\\\/#breadcrumb\",\"itemListElement\":[{\"@type\":\"ListItem\",\"position\":1,\"name\":\"Home\",\"item\":\"https:\\\/\\\/www.congomines.org\\\/\"},{\"@type\":\"ListItem\",\"position\":2,\"name\":\"Companies\"}]},{\"@type\":\"WebSite\",\"@id\":\"https:\\\/\\\/www.congomines.org\\\/#website\",\"url\":\"https:\\\/\\\/www.congomines.org\\\/\",\"name\":\"Congo Mines\",\"description\":\"\",\"publisher\":{\"@id\":\"https:\\\/\\\/www.congomines.org\\\/#organization\"},\"potentialAction\":[{\"@type\":\"SearchAction\",\"target\":{\"@type\":\"EntryPoint\",\"urlTemplate\":\"https:\\\/\\\/www.congomines.org\\\/?s={search_term_string}\"},\"query-input\":{\"@type\":\"PropertyValueSpecification\",\"valueRequired\":true,\"valueName\":\"search_term_string\"}}],\"inLanguage\":\"fr-FR\"},{\"@type\":\"Organization\",\"@id\":\"https:\\\/\\\/www.congomines.org\\\/#organization\",\"name\":\"Congo Mines\",\"url\":\"https:\\\/\\\/www.congomines.org\\\/\",\"logo\":{\"@type\":\"ImageObject\",\"inLanguage\":\"fr-FR\",\"@id\":\"https:\\\/\\\/www.congomines.org\\\/#\\\/schema\\\/logo\\\/image\\\/\",\"url\":\"\\\/wp-content\\\/uploads\\\/2024\\\/07\\\/logo-12d189e2721b77941295d115c6dc43fe.png?wsr\",\"contentUrl\":\"\\\/wp-content\\\/uploads\\\/2024\\\/07\\\/logo-12d189e2721b77941295d115c6dc43fe.png?wsr\",\"width\":332,\"height\":222,\"caption\":\"Congo Mines\"},\"image\":{\"@id\":\"https:\\\/\\\/www.congomines.org\\\/#\\\/schema\\\/logo\\\/image\\\/\"}}]}<\/script>\n<!-- \/ Yoast SEO plugin. -->","yoast_head_json":{"title":"Companies - Congo Mines","robots":{"index":"index","follow":"follow","max-snippet":"max-snippet:-1","max-image-preview":"max-image-preview:large","max-video-preview":"max-video-preview:-1"},"canonical":"https:\/\/congomines.org\/fr\/entreprises\/","og_locale":"fr_FR","og_type":"article","og_title":"Companies - Congo Mines","og_description":"Recherche d&#8217;une soci\u00e9t\u00e9 mini\u00e8re ou d&#8217;un investisseur","og_url":"https:\/\/congomines.org\/fr\/entreprises\/","og_site_name":"Congo Mines","article_modified_time":"2026-02-12T11:25:40+00:00","twitter_card":"summary_large_image","twitter_misc":{"Dur\u00e9e de lecture estim\u00e9e":"1 minute"},"schema":{"@context":"https:\/\/schema.org","@graph":[{"@type":"WebPage","@id":"https:\/\/congomines.org\/fr\/entreprises\/","url":"https:\/\/congomines.org\/fr\/entreprises\/","name":"Companies - Congo Mines","isPartOf":{"@id":"https:\/\/www.congomines.org\/#website"},"datePublished":"2024-08-13T16:10:44+00:00","dateModified":"2026-02-12T11:25:40+00:00","breadcrumb":{"@id":"https:\/\/congomines.org\/fr\/entreprises\/#breadcrumb"},"inLanguage":"fr-FR","potentialAction":[{"@type":"ReadAction","target":["https:\/\/congomines.org\/fr\/entreprises\/"]}]},{"@type":"BreadcrumbList","@id":"https:\/\/congomines.org\/fr\/entreprises\/#breadcrumb","itemListElement":[{"@type":"ListItem","position":1,"name":"Home","item":"https:\/\/www.congomines.org\/"},{"@type":"ListItem","position":2,"name":"Companies"}]},{"@type":"WebSite","@id":"https:\/\/www.congomines.org\/#website","url":"https:\/\/www.congomines.org\/","name":"Congo Mines","description":"","publisher":{"@id":"https:\/\/www.congomines.org\/#organization"},"potentialAction":[{"@type":"SearchAction","target":{"@type":"EntryPoint","urlTemplate":"https:\/\/www.congomines.org\/?s={search_term_string}"},"query-input":{"@type":"PropertyValueSpecification","valueRequired":true,"valueName":"search_term_string"}}],"inLanguage":"fr-FR"},{"@type":"Organization","@id":"https:\/\/www.congomines.org\/#organization","name":"Congo Mines","url":"https:\/\/www.congomines.org\/","logo":{"@type":"ImageObject","inLanguage":"fr-FR","@id":"https:\/\/www.congomines.org\/#\/schema\/logo\/image\/","url":"\/wp-content\/uploads\/2024\/07\/logo-12d189e2721b77941295d115c6dc43fe.png?wsr","contentUrl":"\/wp-content\/uploads\/2024\/07\/logo-12d189e2721b77941295d115c6dc43fe.png?wsr","width":332,"height":222,"caption":"Congo Mines"},"image":{"@id":"https:\/\/www.congomines.org\/#\/schema\/logo\/image\/"}}]}},"_links":{"self":[{"href":"https:\/\/congomines.org\/fr\/wp-json\/wp\/v2\/pages\/203","targetHints":{"allow":["GET"]}}],"collection":[{"href":"https:\/\/congomines.org\/fr\/wp-json\/wp\/v2\/pages"}],"about":[{"href":"https:\/\/congomines.org\/fr\/wp-json\/wp\/v2\/types\/page"}],"author":[{"embeddable":true,"href":"https:\/\/congomines.org\/fr\/wp-json\/wp\/v2\/users\/1"}],"replies":[{"embeddable":true,"href":"https:\/\/congomines.org\/fr\/wp-json\/wp\/v2\/comments?post=203"}],"version-history":[{"count":75,"href":"https:\/\/congomines.org\/fr\/wp-json\/wp\/v2\/pages\/203\/revisions"}],"predecessor-version":[{"id":22044,"href":"https:\/\/congomines.org\/fr\/wp-json\/wp\/v2\/pages\/203\/revisions\/22044"}],"wp:attachment":[{"href":"https:\/\/congomines.org\/fr\/wp-json\/wp\/v2\/media?parent=203"}],"curies":[{"name":"wp","href":"https:\/\/api.w.org\/{rel}","templated":true}]}}