{"id":17,"date":"2024-07-16T15:44:16","date_gmt":"2024-07-16T15:44:16","guid":{"rendered":"https:\/\/congomines.azurewebsites.net\/?page_id=17"},"modified":"2026-02-12T11:20:19","modified_gmt":"2026-02-12T11:20:19","slug":"a-propos-de","status":"publish","type":"page","link":"https:\/\/congomines.org\/fr\/about\/","title":{"rendered":"A propos de"},"content":{"rendered":"<div style=\"height:35px\" aria-hidden=\"true\" class=\"wp-block-spacer\"><\/div>\n\n\n\n<div class=\"wp-block-group is-vertical is-content-justification-left is-layout-flex wp-container-core-group-is-layout-c0ca7d81 wp-block-group-is-layout-flex\">\n<p>Ce site a \u00e9t\u00e9 cr\u00e9\u00e9 par l'\u00e9quipe du Centre Carter.<strong>&nbsp;Programme de gouvernance des industries extractives<\/strong>&nbsp;en R\u00e9publique d\u00e9mocratique du Congo.<\/p>\n\n\n\n<p><\/p>\n\n\n\n<p><strong>\u00c0 propos du programme<\/strong><\/p>\n\n\n\n<p>Le programme de gouvernance des industries extractives du Centre Carter vise \u00e0 promouvoir la transparence et la responsabilit\u00e9 dans le secteur extractif de la R\u00e9publique d\u00e9mocratique du Congo.<\/p>\n\n\n\n<p>Elle intervient dans les trois sections compl\u00e9mentaires ci-dessous :<\/p>\n\n\n\n<ul class=\"wp-block-list\">\n<li>Transparence et accessibilit\u00e9 des informations provenant du secteur extractif,<\/li>\n\n\n\n<li>\u00c9tudes et analyses des flux de recettes fiscales et parafiscales<\/li>\n\n\n\n<li>\u00c9tudes visant \u00e0 \u00e9valuer l'impact des projets d'extraction sur les droits de l'homme des communaut\u00e9s locales.<\/li>\n<\/ul>\n\n\n\n<p><br><strong>Voici quelques r\u00e9alisations majeures de son travail<\/strong><\/p>\n\n\n\n<p><\/p>\n\n\n\n<ul class=\"wp-block-list\">\n<li><strong>Publication des contrats miniers :<\/strong> Le plaidoyer men\u00e9 par le Centre Carter et ses partenaires entre 2010 et aujourd'hui a abouti \u00e0 la publication de plus de 100 contrats miniers sign\u00e9s principalement par des entreprises du portefeuille de l'Etat congolais et des investisseurs \u00e9trangers.<\/li>\n\n\n\n<li><strong>La r\u00e9vision du code minier 2018 : <\/strong>La r\u00e9vision du code minier est l'un des changements majeurs dans le secteur minier congolais au cours des 15 derni\u00e8res ann\u00e9es. Le parlement et le gouvernement congolais ont int\u00e9gr\u00e9 dans le code minier r\u00e9vis\u00e9 de mars 2018 et ses mesures d'application les principales conclusions et recommandations des rapports publi\u00e9s par le Centre Carter et ses partenaires<ul><li><strong>Disponibilit\u00e9 et accessibilit\u00e9 des informations provenant du secteur extractif<\/strong>&nbsp;\u00e0 l'information du secteur minier : congomines.org <\/li><\/ul>\n<ul class=\"wp-block-list\">\n<li><strong>Professionnalisation <\/strong>de certains partenaires locaux de la soci\u00e9t\u00e9 civile<\/li>\n\n\n\n<li><strong>Soutien \u00e0 la mise en \u0153uvre<\/strong> de l'initiative pour la transparence des industries extractives (ITIE) <\/li>\n\n\n\n<li><strong>Contribution \u00e0 la sauvegarde<\/strong> des actifs de certaines entreprises du portefeuille de l'\u00c9tat<\/li>\n\n\n\n<li>R\u00e9ussite&nbsp;<strong>plaidoyer&nbsp;<\/strong>pour le paiement de 10% de droits d'exploitation p\u00e9troli\u00e8re \u00e0 la province du Kongo Central.<\/li>\n<\/ul>\n<\/li>\n<\/ul>\n\n\n\n<p><\/p>\n\n\n\n<p><strong>\u00c0 propos du site web des Congomines<\/strong><\/p>\n\n\n\n<p><\/p>\n\n\n\n<p>Dans sa composante de promotion de la transparence et de l'accessibilit\u00e9 de l'information dans le secteur extractif, le Programme maintient un site qui est un centre de documentation qui rassemble des documents et des informations sur le secteur extractif congolais provenant de diverses sources (\u00c9tat, universitaires, soci\u00e9t\u00e9 civile, secteur priv\u00e9, m\u00e9dias, etc.)<\/p>\n\n\n\n<p>Cr\u00e9\u00e9 depuis octobre 2011 en partenariat avec Moabi RDC, une initiative ind\u00e9pendante de suivi de l'utilisation des ressources naturelles en R\u00e9publique d\u00e9mocratique du Congo.<\/p>\n\n\n\n<p>Ce site vise \u00e0 rendre transparentes et accessibles toutes les informations relatives au secteur extractif, qui sont souvent dispers\u00e9es dans diverses sources, en ligne et hors ligne, et difficiles \u00e0 trouver.<\/p>\n\n\n\n<p>En outre, le site est dot\u00e9 d'un outil cartographique permettant une vision globale et claire du secteur minier et de ses corollaires.<\/p>\n\n\n\n<p>La documentation sur le site vise \u00e0 couvrir toutes les \u00e9tapes de la cha\u00eene de valeur, elle est donc regroup\u00e9e par<\/p>\n\n\n\n<ul class=\"wp-block-list\">\n<li>Entreprises<\/li>\n\n\n\n<li>Th\u00e8me<\/li>\n\n\n\n<li>Document standard<\/li>\n\n\n\n<li>Type de source<\/li>\n\n\n\n<li>Province<\/li>\n<\/ul>\n<\/div>\n\n\n\n<div style=\"height:35px\" aria-hidden=\"true\" class=\"wp-block-spacer\"><\/div>","protected":false},"excerpt":{"rendered":"<p>This site was created by the Carter Center&#8217;s&nbsp;Extractive Industries Governance Program&nbsp;in the Democratic Republic of Congo. About the Program The Carter Center&#8217;s Extractive Industries Governance Program works to promote transparency and accountability in the Democratic Republic of Congo&#8217;s extractive sector. It intervenes in three complementary sections below: Here are some major achievements of his work [&hellip;]<\/p>\n","protected":false},"author":1,"featured_media":0,"parent":0,"menu_order":0,"comment_status":"closed","ping_status":"closed","template":"","meta":{"ocean_post_layout":"full-width","ocean_both_sidebars_style":"","ocean_both_sidebars_content_width":0,"ocean_both_sidebars_sidebars_width":0,"ocean_sidebar":"","ocean_second_sidebar":"","ocean_disable_margins":"enable","ocean_add_body_class":"","ocean_shortcode_before_top_bar":"","ocean_shortcode_after_top_bar":"","ocean_shortcode_before_header":"","ocean_shortcode_after_header":"","ocean_has_shortcode":"","ocean_shortcode_after_title":"","ocean_shortcode_before_footer_widgets":"","ocean_shortcode_after_footer_widgets":"","ocean_shortcode_before_footer_bottom":"","ocean_shortcode_after_footer_bottom":"","ocean_display_top_bar":"off","ocean_display_header":"default","ocean_header_style":"custom","ocean_center_header_left_menu":"","ocean_custom_header_template":"22056","ocean_custom_logo":0,"ocean_custom_retina_logo":0,"ocean_custom_logo_max_width":0,"ocean_custom_logo_tablet_max_width":0,"ocean_custom_logo_mobile_max_width":0,"ocean_custom_logo_max_height":0,"ocean_custom_logo_tablet_max_height":0,"ocean_custom_logo_mobile_max_height":0,"ocean_header_custom_menu":"38","ocean_menu_typo_font_family":"","ocean_menu_typo_font_subset":"","ocean_menu_typo_font_size":0,"ocean_menu_typo_font_size_tablet":0,"ocean_menu_typo_font_size_mobile":0,"ocean_menu_typo_font_size_unit":"px","ocean_menu_typo_font_weight":"","ocean_menu_typo_font_weight_tablet":"","ocean_menu_typo_font_weight_mobile":"","ocean_menu_typo_transform":"","ocean_menu_typo_transform_tablet":"","ocean_menu_typo_transform_mobile":"","ocean_menu_typo_line_height":0,"ocean_menu_typo_line_height_tablet":0,"ocean_menu_typo_line_height_mobile":0,"ocean_menu_typo_line_height_unit":"","ocean_menu_typo_spacing":0,"ocean_menu_typo_spacing_tablet":0,"ocean_menu_typo_spacing_mobile":0,"ocean_menu_typo_spacing_unit":"","ocean_menu_link_color":"#c2c2c2","ocean_menu_link_color_hover":"#ffffff","ocean_menu_link_color_active":"#32acde","ocean_menu_link_background":"","ocean_menu_link_hover_background":"","ocean_menu_link_active_background":"","ocean_menu_social_links_bg":"","ocean_menu_social_hover_links_bg":"","ocean_menu_social_links_color":"","ocean_menu_social_hover_links_color":"","ocean_disable_title":"default","ocean_disable_heading":"on","ocean_post_title":"","ocean_post_subheading":"","ocean_post_title_style":"","ocean_post_title_background_color":"","ocean_post_title_background":0,"ocean_post_title_bg_image_position":"","ocean_post_title_bg_image_attachment":"","ocean_post_title_bg_image_repeat":"","ocean_post_title_bg_image_size":"","ocean_post_title_height":0,"ocean_post_title_bg_overlay":0.5,"ocean_post_title_bg_overlay_color":"","ocean_disable_breadcrumbs":"default","ocean_breadcrumbs_color":"","ocean_breadcrumbs_separator_color":"","ocean_breadcrumbs_links_color":"","ocean_breadcrumbs_links_hover_color":"","ocean_display_footer_widgets":"default","ocean_display_footer_bottom":"default","ocean_custom_footer_template":"","footnotes":""},"class_list":["post-17","page","type-page","status-publish","hentry","entry"],"yoast_head":"<!-- This site is optimized with the Yoast SEO plugin v27.4 - https:\/\/yoast.com\/product\/yoast-seo-wordpress\/ -->\n<title>About - Congo Mines<\/title>\n<meta name=\"robots\" content=\"index, follow, max-snippet:-1, max-image-preview:large, max-video-preview:-1\" \/>\n<link rel=\"canonical\" href=\"https:\/\/congomines.org\/fr\/a-propos-de\/\" \/>\n<meta property=\"og:locale\" content=\"fr_FR\" \/>\n<meta property=\"og:type\" content=\"article\" \/>\n<meta property=\"og:title\" content=\"About - Congo Mines\" \/>\n<meta property=\"og:description\" content=\"This site was created by the Carter Center&#8217;s&nbsp;Extractive Industries Governance Program&nbsp;in the Democratic Republic of Congo. About the Program The Carter Center&#8217;s Extractive Industries Governance Program works to promote transparency and accountability in the Democratic Republic of Congo&#8217;s extractive sector. It intervenes in three complementary sections below: Here are some major achievements of his work [&hellip;]\" \/>\n<meta property=\"og:url\" content=\"https:\/\/congomines.org\/fr\/a-propos-de\/\" \/>\n<meta property=\"og:site_name\" content=\"Congo Mines\" \/>\n<meta property=\"article:modified_time\" content=\"2026-02-12T11:20:19+00:00\" \/>\n<meta name=\"twitter:card\" content=\"summary_large_image\" \/>\n<meta name=\"twitter:label1\" content=\"Dur\u00e9e de lecture estim\u00e9e\" \/>\n\t<meta name=\"twitter:data1\" content=\"2 minutes\" \/>\n<script type=\"application\/ld+json\" class=\"yoast-schema-graph\">{\"@context\":\"https:\\\/\\\/schema.org\",\"@graph\":[{\"@type\":\"WebPage\",\"@id\":\"https:\\\/\\\/congomines.org\\\/about\\\/\",\"url\":\"https:\\\/\\\/congomines.org\\\/about\\\/\",\"name\":\"About - Congo Mines\",\"isPartOf\":{\"@id\":\"https:\\\/\\\/congomines.org\\\/fr\\\/#website\"},\"datePublished\":\"2024-07-16T15:44:16+00:00\",\"dateModified\":\"2026-02-12T11:20:19+00:00\",\"breadcrumb\":{\"@id\":\"https:\\\/\\\/congomines.org\\\/about\\\/#breadcrumb\"},\"inLanguage\":\"fr-FR\",\"potentialAction\":[{\"@type\":\"ReadAction\",\"target\":[\"https:\\\/\\\/congomines.org\\\/about\\\/\"]}]},{\"@type\":\"BreadcrumbList\",\"@id\":\"https:\\\/\\\/congomines.org\\\/about\\\/#breadcrumb\",\"itemListElement\":[{\"@type\":\"ListItem\",\"position\":1,\"name\":\"Home\",\"item\":\"https:\\\/\\\/congomines.org\\\/fr\\\/\"},{\"@type\":\"ListItem\",\"position\":2,\"name\":\"About\"}]},{\"@type\":\"WebSite\",\"@id\":\"https:\\\/\\\/congomines.org\\\/fr\\\/#website\",\"url\":\"https:\\\/\\\/congomines.org\\\/fr\\\/\",\"name\":\"Congo Mines\",\"description\":\"\",\"publisher\":{\"@id\":\"https:\\\/\\\/congomines.org\\\/fr\\\/#organization\"},\"potentialAction\":[{\"@type\":\"SearchAction\",\"target\":{\"@type\":\"EntryPoint\",\"urlTemplate\":\"https:\\\/\\\/congomines.org\\\/fr\\\/?s={search_term_string}\"},\"query-input\":{\"@type\":\"PropertyValueSpecification\",\"valueRequired\":true,\"valueName\":\"search_term_string\"}}],\"inLanguage\":\"fr-FR\"},{\"@type\":\"Organization\",\"@id\":\"https:\\\/\\\/congomines.org\\\/fr\\\/#organization\",\"name\":\"Congo Mines\",\"url\":\"https:\\\/\\\/congomines.org\\\/fr\\\/\",\"logo\":{\"@type\":\"ImageObject\",\"inLanguage\":\"fr-FR\",\"@id\":\"https:\\\/\\\/congomines.org\\\/fr\\\/#\\\/schema\\\/logo\\\/image\\\/\",\"url\":\"\\\/wp-content\\\/uploads\\\/2024\\\/07\\\/logo-12d189e2721b77941295d115c6dc43fe.png?wsr\",\"contentUrl\":\"\\\/wp-content\\\/uploads\\\/2024\\\/07\\\/logo-12d189e2721b77941295d115c6dc43fe.png?wsr\",\"width\":332,\"height\":222,\"caption\":\"Congo Mines\"},\"image\":{\"@id\":\"https:\\\/\\\/congomines.org\\\/fr\\\/#\\\/schema\\\/logo\\\/image\\\/\"}}]}<\/script>\n<!-- \/ Yoast SEO plugin. -->","yoast_head_json":{"title":"About - Congo Mines","robots":{"index":"index","follow":"follow","max-snippet":"max-snippet:-1","max-image-preview":"max-image-preview:large","max-video-preview":"max-video-preview:-1"},"canonical":"https:\/\/congomines.org\/fr\/a-propos-de\/","og_locale":"fr_FR","og_type":"article","og_title":"About - Congo Mines","og_description":"This site was created by the Carter Center&#8217;s&nbsp;Extractive Industries Governance Program&nbsp;in the Democratic Republic of Congo. About the Program The Carter Center&#8217;s Extractive Industries Governance Program works to promote transparency and accountability in the Democratic Republic of Congo&#8217;s extractive sector. It intervenes in three complementary sections below: Here are some major achievements of his work [&hellip;]","og_url":"https:\/\/congomines.org\/fr\/a-propos-de\/","og_site_name":"Congo Mines","article_modified_time":"2026-02-12T11:20:19+00:00","twitter_card":"summary_large_image","twitter_misc":{"Dur\u00e9e de lecture estim\u00e9e":"2 minutes"},"schema":{"@context":"https:\/\/schema.org","@graph":[{"@type":"WebPage","@id":"https:\/\/congomines.org\/about\/","url":"https:\/\/congomines.org\/about\/","name":"About - Congo Mines","isPartOf":{"@id":"https:\/\/congomines.org\/fr\/#website"},"datePublished":"2024-07-16T15:44:16+00:00","dateModified":"2026-02-12T11:20:19+00:00","breadcrumb":{"@id":"https:\/\/congomines.org\/about\/#breadcrumb"},"inLanguage":"fr-FR","potentialAction":[{"@type":"ReadAction","target":["https:\/\/congomines.org\/about\/"]}]},{"@type":"BreadcrumbList","@id":"https:\/\/congomines.org\/about\/#breadcrumb","itemListElement":[{"@type":"ListItem","position":1,"name":"Home","item":"https:\/\/congomines.org\/fr\/"},{"@type":"ListItem","position":2,"name":"About"}]},{"@type":"WebSite","@id":"https:\/\/congomines.org\/fr\/#website","url":"https:\/\/congomines.org\/fr\/","name":"Congo Mines","description":"","publisher":{"@id":"https:\/\/congomines.org\/fr\/#organization"},"potentialAction":[{"@type":"SearchAction","target":{"@type":"EntryPoint","urlTemplate":"https:\/\/congomines.org\/fr\/?s={search_term_string}"},"query-input":{"@type":"PropertyValueSpecification","valueRequired":true,"valueName":"search_term_string"}}],"inLanguage":"fr-FR"},{"@type":"Organization","@id":"https:\/\/congomines.org\/fr\/#organization","name":"Congo Mines","url":"https:\/\/congomines.org\/fr\/","logo":{"@type":"ImageObject","inLanguage":"fr-FR","@id":"https:\/\/congomines.org\/fr\/#\/schema\/logo\/image\/","url":"\/wp-content\/uploads\/2024\/07\/logo-12d189e2721b77941295d115c6dc43fe.png?wsr","contentUrl":"\/wp-content\/uploads\/2024\/07\/logo-12d189e2721b77941295d115c6dc43fe.png?wsr","width":332,"height":222,"caption":"Congo Mines"},"image":{"@id":"https:\/\/congomines.org\/fr\/#\/schema\/logo\/image\/"}}]}},"_links":{"self":[{"href":"https:\/\/congomines.org\/fr\/wp-json\/wp\/v2\/pages\/17","targetHints":{"allow":["GET"]}}],"collection":[{"href":"https:\/\/congomines.org\/fr\/wp-json\/wp\/v2\/pages"}],"about":[{"href":"https:\/\/congomines.org\/fr\/wp-json\/wp\/v2\/types\/page"}],"author":[{"embeddable":true,"href":"https:\/\/congomines.org\/fr\/wp-json\/wp\/v2\/users\/1"}],"replies":[{"embeddable":true,"href":"https:\/\/congomines.org\/fr\/wp-json\/wp\/v2\/comments?post=17"}],"version-history":[{"count":33,"href":"https:\/\/congomines.org\/fr\/wp-json\/wp\/v2\/pages\/17\/revisions"}],"predecessor-version":[{"id":22065,"href":"https:\/\/congomines.org\/fr\/wp-json\/wp\/v2\/pages\/17\/revisions\/22065"}],"wp:attachment":[{"href":"https:\/\/congomines.org\/fr\/wp-json\/wp\/v2\/media?parent=17"}],"curies":[{"name":"wp","href":"https:\/\/api.w.org\/{rel}","templated":true}]}}